{"id":100,"date":"2021-02-21T08:22:28","date_gmt":"2021-02-21T08:22:28","guid":{"rendered":"https:\/\/trageperle.de\/?page_id=100"},"modified":"2025-02-05T19:35:54","modified_gmt":"2025-02-05T19:35:54","slug":"positive-aspekte-des-tragens","status":"publish","type":"page","link":"https:\/\/trageperle.de\/?page_id=100","title":{"rendered":"Positive Aspekte des Tragens"},"content":{"rendered":"\t\t<div data-elementor-type=\"wp-page\" data-elementor-id=\"100\" class=\"elementor elementor-100\" data-elementor-settings=\"[]\">\n\t\t\t\t\t\t<div class=\"elementor-inner\">\n\t\t\t\t\t\t\t<div class=\"elementor-section-wrap\">\n\t\t\t\t\t\t\t<section class=\"elementor-section elementor-top-section elementor-element elementor-element-1ff296b8 elementor-section-boxed elementor-section-height-default elementor-section-height-default\" data-id=\"1ff296b8\" data-element_type=\"section\" data-settings=\"{&quot;background_background&quot;:&quot;classic&quot;,&quot;sticky&quot;:&quot;top&quot;,&quot;sticky_on&quot;:[&quot;desktop&quot;,&quot;tablet&quot;,&quot;mobile&quot;],&quot;sticky_offset&quot;:0,&quot;sticky_effects_offset&quot;:0}\">\n\t\t\t\t\t\t<div class=\"elementor-container elementor-column-gap-default\">\n\t\t\t\t\t\t\t<div class=\"elementor-row\">\n\t\t\t\t\t<div class=\"elementor-column elementor-col-100 elementor-top-column elementor-element elementor-element-4f9afd2c\" data-id=\"4f9afd2c\" data-element_type=\"column\">\n\t\t\t<div class=\"elementor-column-wrap elementor-element-populated\">\n\t\t\t\t\t\t\t<div class=\"elementor-widget-wrap\">\n\t\t\t\t\t\t<div class=\"elementor-element elementor-element-79ecff54 elementor-widget__width-initial elementor-widget-tablet__width-initial elementor-widget-mobile__width-inherit elementor-widget elementor-widget-theme-site-logo elementor-widget-image\" data-id=\"79ecff54\" data-element_type=\"widget\" data-widget_type=\"theme-site-logo.default\">\n\t\t\t\t<div class=\"elementor-widget-container\">\n\t\t\t\t\t\t\t\t<div class=\"elementor-image\">\n\t\t\t\t\t\t\t\t\t\t\t\t\t<a href=\"https:\/\/trageperle.de\">\n\t\t\t\t\t\t\t<img width=\"600\" height=\"290\" src=\"https:\/\/trageperle.de\/wp-content\/uploads\/2021\/02\/paul-logoneu21.png\" class=\"attachment-full size-full\" alt=\"\" loading=\"lazy\" srcset=\"https:\/\/trageperle.de\/wp-content\/uploads\/2021\/02\/paul-logoneu21.png 600w, https:\/\/trageperle.de\/wp-content\/uploads\/2021\/02\/paul-logoneu21-300x145.png 300w\" sizes=\"(max-width: 600px) 100vw, 600px\" \/>\t\t\t\t\t\t\t\t<\/a>\n\t\t\t\t\t\t\t\t\t\t\t\t\t\t<\/div>\n\t\t\t\t\t\t<\/div>\n\t\t\t\t<\/div>\n\t\t\t\t<div class=\"elementor-element elementor-element-38343bbb elementor-nav-menu__align-right elementor-widget__width-initial elementor-widget-mobile__width-inherit elementor-nav-menu--dropdown-tablet elementor-nav-menu__text-align-aside elementor-nav-menu--toggle elementor-nav-menu--burger elementor-widget elementor-widget-nav-menu\" data-id=\"38343bbb\" data-element_type=\"widget\" data-settings=\"{&quot;layout&quot;:&quot;horizontal&quot;,&quot;submenu_icon&quot;:{&quot;value&quot;:&quot;&lt;i class=\\&quot;fas fa-caret-down\\&quot;&gt;&lt;\\\/i&gt;&quot;,&quot;library&quot;:&quot;fa-solid&quot;},&quot;toggle&quot;:&quot;burger&quot;}\" data-widget_type=\"nav-menu.default\">\n\t\t\t\t<div class=\"elementor-widget-container\">\n\t\t\t\t\t\t<nav migration_allowed=\"1\" migrated=\"0\" role=\"navigation\" class=\"elementor-nav-menu--main elementor-nav-menu__container elementor-nav-menu--layout-horizontal e--pointer-underline e--animation-fade\">\n\t\t\t\t<ul id=\"menu-1-38343bbb\" class=\"elementor-nav-menu\"><li class=\"menu-item menu-item-type-post_type menu-item-object-page menu-item-home menu-item-98\"><a href=\"https:\/\/trageperle.de\/\" class=\"elementor-item menu-link\">Home<\/a><\/li>\n<li class=\"menu-item menu-item-type-post_type menu-item-object-page menu-item-99\"><a href=\"https:\/\/trageperle.de\/?page_id=92\" class=\"elementor-item menu-link\">\u00dcber mich<\/a><\/li>\n<li class=\"menu-item menu-item-type-custom menu-item-object-custom menu-item-has-children menu-item-585\"><a class=\"elementor-item menu-link\">Positive Aspekte&#8230;<\/a>\n<ul class=\"sub-menu elementor-nav-menu--dropdown\">\n\t<li class=\"menu-item menu-item-type-post_type menu-item-object-page menu-item-113\"><a href=\"https:\/\/trageperle.de\/?page_id=100\" class=\"elementor-sub-item menu-link\">&#8230;des Tragens<\/a><\/li>\n\t<li class=\"menu-item menu-item-type-post_type menu-item-object-page menu-item-370\"><a href=\"https:\/\/trageperle.de\/?page_id=365\" class=\"elementor-sub-item menu-link\">&#8230;von Stoffwindeln<\/a><\/li>\n\t<li class=\"menu-item menu-item-type-post_type menu-item-object-page menu-item-369\"><a href=\"https:\/\/trageperle.de\/?page_id=367\" class=\"elementor-sub-item menu-link\">&#8230;der Babygeb\u00e4rden<\/a><\/li>\n<\/ul>\n<\/li>\n<li class=\"menu-item menu-item-type-custom menu-item-object-custom menu-item-has-children menu-item-581\"><a class=\"elementor-item menu-link\">Preise<\/a>\n<ul class=\"sub-menu elementor-nav-menu--dropdown\">\n\t<li class=\"menu-item menu-item-type-post_type menu-item-object-page menu-item-582\"><a href=\"https:\/\/trageperle.de\/?page_id=507\" class=\"elementor-sub-item menu-link\">Beratungen<\/a><\/li>\n\t<li class=\"menu-item menu-item-type-post_type menu-item-object-page menu-item-583\"><a href=\"https:\/\/trageperle.de\/?page_id=509\" class=\"elementor-sub-item menu-link\">Leihangebote<\/a><\/li>\n<\/ul>\n<\/li>\n<li class=\"menu-item menu-item-type-post_type menu-item-object-page menu-item-111\"><a href=\"https:\/\/trageperle.de\/?page_id=104\" class=\"elementor-item menu-link\">Kontakt<\/a><\/li>\n<li class=\"menu-item menu-item-type-post_type menu-item-object-page menu-item-753\"><a href=\"https:\/\/trageperle.de\/?page_id=712\" class=\"elementor-item menu-link\">Termine<\/a><\/li>\n<li class=\"menu-item menu-item-type-post_type menu-item-object-page menu-item-112\"><a href=\"https:\/\/trageperle.de\/?page_id=108\" class=\"elementor-item menu-link\">Partner<\/a><\/li>\n<\/ul>\t\t\t<\/nav>\n\t\t\t\t\t<div class=\"elementor-menu-toggle\" role=\"button\" tabindex=\"0\" aria-label=\"Menu Toggle\" aria-expanded=\"false\">\n\t\t\t<i aria-hidden=\"true\" role=\"presentation\" class=\"elementor-menu-toggle__icon--open eicon-menu-bar\"><\/i><i aria-hidden=\"true\" role=\"presentation\" class=\"elementor-menu-toggle__icon--close eicon-close\"><\/i>\t\t\t<span class=\"elementor-screen-only\">Menu<\/span>\n\t\t<\/div>\n\t\t\t<nav class=\"elementor-nav-menu--dropdown elementor-nav-menu__container\" role=\"navigation\" aria-hidden=\"true\">\n\t\t\t\t<ul id=\"menu-2-38343bbb\" class=\"elementor-nav-menu\"><li class=\"menu-item menu-item-type-post_type menu-item-object-page menu-item-home menu-item-98\"><a href=\"https:\/\/trageperle.de\/\" class=\"elementor-item menu-link\" tabindex=\"-1\">Home<\/a><\/li>\n<li class=\"menu-item menu-item-type-post_type menu-item-object-page menu-item-99\"><a href=\"https:\/\/trageperle.de\/?page_id=92\" class=\"elementor-item menu-link\" tabindex=\"-1\">\u00dcber mich<\/a><\/li>\n<li class=\"menu-item menu-item-type-custom menu-item-object-custom menu-item-has-children menu-item-585\"><a class=\"elementor-item menu-link\" tabindex=\"-1\">Positive Aspekte&#8230;<\/a>\n<ul class=\"sub-menu elementor-nav-menu--dropdown\">\n\t<li class=\"menu-item menu-item-type-post_type menu-item-object-page menu-item-113\"><a href=\"https:\/\/trageperle.de\/?page_id=100\" class=\"elementor-sub-item menu-link\" tabindex=\"-1\">&#8230;des Tragens<\/a><\/li>\n\t<li class=\"menu-item menu-item-type-post_type menu-item-object-page menu-item-370\"><a href=\"https:\/\/trageperle.de\/?page_id=365\" class=\"elementor-sub-item menu-link\" tabindex=\"-1\">&#8230;von Stoffwindeln<\/a><\/li>\n\t<li class=\"menu-item menu-item-type-post_type menu-item-object-page menu-item-369\"><a href=\"https:\/\/trageperle.de\/?page_id=367\" class=\"elementor-sub-item menu-link\" tabindex=\"-1\">&#8230;der Babygeb\u00e4rden<\/a><\/li>\n<\/ul>\n<\/li>\n<li class=\"menu-item menu-item-type-custom menu-item-object-custom menu-item-has-children menu-item-581\"><a class=\"elementor-item menu-link\" tabindex=\"-1\">Preise<\/a>\n<ul class=\"sub-menu elementor-nav-menu--dropdown\">\n\t<li class=\"menu-item menu-item-type-post_type menu-item-object-page menu-item-582\"><a href=\"https:\/\/trageperle.de\/?page_id=507\" class=\"elementor-sub-item menu-link\" tabindex=\"-1\">Beratungen<\/a><\/li>\n\t<li class=\"menu-item menu-item-type-post_type menu-item-object-page menu-item-583\"><a href=\"https:\/\/trageperle.de\/?page_id=509\" class=\"elementor-sub-item menu-link\" tabindex=\"-1\">Leihangebote<\/a><\/li>\n<\/ul>\n<\/li>\n<li class=\"menu-item menu-item-type-post_type menu-item-object-page menu-item-111\"><a href=\"https:\/\/trageperle.de\/?page_id=104\" class=\"elementor-item menu-link\" tabindex=\"-1\">Kontakt<\/a><\/li>\n<li class=\"menu-item menu-item-type-post_type menu-item-object-page menu-item-753\"><a href=\"https:\/\/trageperle.de\/?page_id=712\" class=\"elementor-item menu-link\" tabindex=\"-1\">Termine<\/a><\/li>\n<li class=\"menu-item menu-item-type-post_type menu-item-object-page menu-item-112\"><a href=\"https:\/\/trageperle.de\/?page_id=108\" class=\"elementor-item menu-link\" tabindex=\"-1\">Partner<\/a><\/li>\n<\/ul>\t\t\t<\/nav>\n\t\t\t\t<\/div>\n\t\t\t\t<\/div>\n\t\t\t\t\t\t<\/div>\n\t\t\t\t\t<\/div>\n\t\t<\/div>\n\t\t\t\t\t\t\t\t<\/div>\n\t\t\t\t\t<\/div>\n\t\t<\/section>\n\t\t\t\t<section class=\"elementor-section elementor-top-section elementor-element elementor-element-96159ce elementor-section-boxed elementor-section-height-default elementor-section-height-default\" data-id=\"96159ce\" data-element_type=\"section\">\n\t\t\t\t\t\t<div class=\"elementor-container elementor-column-gap-default\">\n\t\t\t\t\t\t\t<div class=\"elementor-row\">\n\t\t\t\t\t<div class=\"elementor-column elementor-col-100 elementor-top-column elementor-element elementor-element-f3e61b2\" data-id=\"f3e61b2\" data-element_type=\"column\">\n\t\t\t<div class=\"elementor-column-wrap elementor-element-populated\">\n\t\t\t\t\t\t\t<div class=\"elementor-widget-wrap\">\n\t\t\t\t\t\t<div class=\"elementor-element elementor-element-830485c elementor-widget elementor-widget-heading\" data-id=\"830485c\" data-element_type=\"widget\" data-widget_type=\"heading.default\">\n\t\t\t\t<div class=\"elementor-widget-container\">\n\t\t\t<h2 class=\"elementor-heading-title elementor-size-default\">Positive Aspekte des Tragens<\/h2>\t\t<\/div>\n\t\t\t\t<\/div>\n\t\t\t\t\t\t<\/div>\n\t\t\t\t\t<\/div>\n\t\t<\/div>\n\t\t\t\t\t\t\t\t<\/div>\n\t\t\t\t\t<\/div>\n\t\t<\/section>\n\t\t\t\t<section class=\"elementor-section elementor-top-section elementor-element elementor-element-dae4895 elementor-section-boxed elementor-section-height-default elementor-section-height-default\" data-id=\"dae4895\" data-element_type=\"section\">\n\t\t\t\t\t\t<div class=\"elementor-container elementor-column-gap-default\">\n\t\t\t\t\t\t\t<div class=\"elementor-row\">\n\t\t\t\t\t<div class=\"elementor-column elementor-col-100 elementor-top-column elementor-element elementor-element-9bfaf98\" data-id=\"9bfaf98\" data-element_type=\"column\">\n\t\t\t<div class=\"elementor-column-wrap elementor-element-populated\">\n\t\t\t\t\t\t\t<div class=\"elementor-widget-wrap\">\n\t\t\t\t\t\t<div class=\"elementor-element elementor-element-c08e270 elementor-widget elementor-widget-text-editor\" data-id=\"c08e270\" data-element_type=\"widget\" data-widget_type=\"text-editor.default\">\n\t\t\t\t<div class=\"elementor-widget-container\">\n\t\t\t\t\t\t\t\t<div class=\"elementor-text-editor elementor-clearfix\">\n\t\t\t\t<ul><li>St\u00e4rkung der Bindung &amp; des Urvertrauens<\/li><li>Leichtere Kontaktaufnahme, F\u00f6rderung Sozialverhalten<\/li><li>R\u00fcckzugsm\u00f6glichkeit bei Reiz\u00fcberflutung<\/li><li>Stimulation von Motorik &amp; Gleichgewichtssinns<\/li><li>Weniger Bauchschmerzen:<\/li><\/ul><p style=\"padding-left: 80px;\">Der Bauch des Kindes wird durch den Tragenden gew\u00e4rmt und durch die Bewegung leicht massiert.<\/p><p style=\"padding-left: 80px;\">An der Innenseite der Unterschenkel befindet sich Akkupressurpunkte, deren Stimulation krampfl\u00f6send ist.<\/p><ul><li>Beruhigung durch Schaukeln\/Wiegen<\/li><li>Tragen produziert Gl\u00fcckshormone, beugt Stimmungsschwankungen nach Geburt vor.<\/li><li>Vorbeugen eines flachen Hinterkopfs<\/li><li>Einbindung in den Alltag<\/li><li>Die H\u00e4nde sind frei<\/li><li>Es ist einfach sch\u00f6n und einzigartig<\/li><\/ul>\t\t\t\t\t<\/div>\n\t\t\t\t\t\t<\/div>\n\t\t\t\t<\/div>\n\t\t\t\t<div class=\"elementor-element elementor-element-3f62a2b elementor-widget elementor-widget-image\" data-id=\"3f62a2b\" data-element_type=\"widget\" data-widget_type=\"image.default\">\n\t\t\t\t<div class=\"elementor-widget-container\">\n\t\t\t\t\t\t\t\t<div class=\"elementor-image\">\n\t\t\t\t\t\t\t\t\t\t\t\t\t<a href=\"https:\/\/www.didymos.de\/\" target=\"_blank\">\n\t\t\t\t\t\t\t<img width=\"495\" height=\"236\" src=\"https:\/\/trageperle.de\/wp-content\/uploads\/2021\/02\/DIDYMOS-Logo-.jpg\" class=\"elementor-animation-grow attachment-large size-large\" alt=\"\" loading=\"lazy\" srcset=\"https:\/\/trageperle.de\/wp-content\/uploads\/2021\/02\/DIDYMOS-Logo-.jpg 495w, https:\/\/trageperle.de\/wp-content\/uploads\/2021\/02\/DIDYMOS-Logo--300x143.jpg 300w\" sizes=\"(max-width: 495px) 100vw, 495px\" \/>\t\t\t\t\t\t\t\t<\/a>\n\t\t\t\t\t\t\t\t\t\t\t\t\t\t<\/div>\n\t\t\t\t\t\t<\/div>\n\t\t\t\t<\/div>\n\t\t\t\t\t\t<\/div>\n\t\t\t\t\t<\/div>\n\t\t<\/div>\n\t\t\t\t\t\t\t\t<\/div>\n\t\t\t\t\t<\/div>\n\t\t<\/section>\n\t\t\t\t<section class=\"elementor-section elementor-top-section elementor-element elementor-element-54d39a1 elementor-section-boxed elementor-section-height-default elementor-section-height-default\" data-id=\"54d39a1\" data-element_type=\"section\" data-settings=\"{&quot;background_background&quot;:&quot;gradient&quot;}\">\n\t\t\t\t\t\t<div class=\"elementor-container elementor-column-gap-default\">\n\t\t\t\t\t\t\t<div class=\"elementor-row\">\n\t\t\t\t\t<div class=\"elementor-column elementor-col-50 elementor-top-column elementor-element elementor-element-053f35d\" data-id=\"053f35d\" data-element_type=\"column\">\n\t\t\t<div class=\"elementor-column-wrap elementor-element-populated\">\n\t\t\t\t\t\t\t<div class=\"elementor-widget-wrap\">\n\t\t\t\t\t\t<div class=\"elementor-element elementor-element-900a081 elementor-invisible elementor-widget elementor-widget-text-editor\" data-id=\"900a081\" data-element_type=\"widget\" data-settings=\"{&quot;_animation&quot;:&quot;fadeInLeft&quot;}\" data-widget_type=\"text-editor.default\">\n\t\t\t\t<div class=\"elementor-widget-container\">\n\t\t\t\t\t\t\t\t<div class=\"elementor-text-editor elementor-clearfix\">\n\t\t\t\t<h4 style=\"text-align: center;\"><strong>Ich trug dich am Anfang in meinem K\u00f6rper<br \/>Und nirgendwo warst du mir n\u00e4her als dort,<br \/>Und unser Band wurde immer st\u00e4rker,<br \/>Und dann warst du da \u2013 und warst pl\u00f6tzlich fort.<\/strong><\/h4><h4 style=\"text-align: center;\"><strong>Und dann trug ich dich auf meinen H\u00e4nden,<br \/>Und hielt dich behutsam erst, dann mit mehr Mut.<br \/>Ich lernte, dir meine Gedanken zu senden,<br \/>Und las deine W\u00fcnsche, und so war es gut.<\/strong><\/h4><h4 style=\"text-align: center;\"><strong>Sp\u00e4ter dann trug ich dich auf meinem R\u00fccken,<br \/>Und hatte dich \u00fcberall st\u00e4ndig dabei,<br \/>Und unsere Gedanken bauten sich Br\u00fccken,<br \/>Und wir waren unzertrennlich, wir zwei.<\/strong><\/h4><h4 style=\"text-align: center;\"><strong>Und jetzt trage ich dich in meinen Gedanken,<br \/>Zum Tragen bis du mir schon lange zu gro\u00df,<br \/>Doch unser Vertrauen ger\u00e4t nie ins Wanken:<br \/>Ich liebe dich, doch ich lasse dich los.<\/strong><\/h4><p style=\"text-align: center;\"><strong>Autorin: <\/strong><a href=\"http:\/\/www.schebesch.net\/\"><strong>Margarete Schebesch<\/strong><\/a><strong>, 2006<\/strong><\/p>\t\t\t\t\t<\/div>\n\t\t\t\t\t\t<\/div>\n\t\t\t\t<\/div>\n\t\t\t\t\t\t<\/div>\n\t\t\t\t\t<\/div>\n\t\t<\/div>\n\t\t\t\t<div class=\"elementor-column elementor-col-50 elementor-top-column elementor-element elementor-element-9a66ad2\" data-id=\"9a66ad2\" data-element_type=\"column\">\n\t\t\t<div class=\"elementor-column-wrap elementor-element-populated\">\n\t\t\t\t\t\t\t<div class=\"elementor-widget-wrap\">\n\t\t\t\t\t\t<div class=\"elementor-element elementor-element-6d939ec elementor-widget__width-initial elementor-invisible elementor-widget elementor-widget-image\" data-id=\"6d939ec\" data-element_type=\"widget\" data-settings=\"{&quot;_animation&quot;:&quot;fadeInRight&quot;}\" data-widget_type=\"image.default\">\n\t\t\t\t<div class=\"elementor-widget-container\">\n\t\t\t\t\t\t\t\t<div class=\"elementor-image\">\n\t\t\t\t\t\t\t\t\t\t\t\t<img width=\"1024\" height=\"768\" src=\"https:\/\/trageperle.de\/wp-content\/uploads\/2021\/02\/IMG_20200206_143430-01-1024x768.jpg\" class=\"attachment-large size-large\" alt=\"\" loading=\"lazy\" srcset=\"https:\/\/trageperle.de\/wp-content\/uploads\/2021\/02\/IMG_20200206_143430-01-1024x768.jpg 1024w, https:\/\/trageperle.de\/wp-content\/uploads\/2021\/02\/IMG_20200206_143430-01-300x225.jpg 300w, https:\/\/trageperle.de\/wp-content\/uploads\/2021\/02\/IMG_20200206_143430-01-768x576.jpg 768w, https:\/\/trageperle.de\/wp-content\/uploads\/2021\/02\/IMG_20200206_143430-01-1536x1152.jpg 1536w, https:\/\/trageperle.de\/wp-content\/uploads\/2021\/02\/IMG_20200206_143430-01-2048x1536.jpg 2048w\" sizes=\"(max-width: 1024px) 100vw, 1024px\" \/>\t\t\t\t\t\t\t\t\t\t\t\t\t\t<\/div>\n\t\t\t\t\t\t<\/div>\n\t\t\t\t<\/div>\n\t\t\t\t\t\t<\/div>\n\t\t\t\t\t<\/div>\n\t\t<\/div>\n\t\t\t\t\t\t\t\t<\/div>\n\t\t\t\t\t<\/div>\n\t\t<\/section>\n\t\t\t\t<section class=\"elementor-section elementor-top-section elementor-element elementor-element-fa27fd1 elementor-section-boxed elementor-section-height-default elementor-section-height-default\" data-id=\"fa27fd1\" data-element_type=\"section\">\n\t\t\t\t\t\t<div class=\"elementor-container elementor-column-gap-default\">\n\t\t\t\t\t\t\t<div class=\"elementor-row\">\n\t\t\t\t\t<div class=\"elementor-column elementor-col-100 elementor-top-column elementor-element elementor-element-352a2db\" data-id=\"352a2db\" data-element_type=\"column\">\n\t\t\t<div class=\"elementor-column-wrap\">\n\t\t\t\t\t\t\t<div class=\"elementor-widget-wrap\">\n\t\t\t\t\t\t\t\t<\/div>\n\t\t\t\t\t<\/div>\n\t\t<\/div>\n\t\t\t\t\t\t\t\t<\/div>\n\t\t\t\t\t<\/div>\n\t\t<\/section>\n\t\t\t\t\t\t<\/div>\n\t\t\t\t\t\t<\/div>\n\t\t\t\t\t<\/div>\n\t\t","protected":false},"excerpt":{"rendered":"<p>Positive Aspekte des Tragens St\u00e4rkung der Bindung &amp; des Urvertrauens Leichtere Kontaktaufnahme, F\u00f6rderung Sozialverhalten R\u00fcckzugsm\u00f6glichkeit bei Reiz\u00fcberflutung Stimulation von Motorik &amp; Gleichgewichtssinns Weniger Bauchschmerzen: Der Bauch des Kindes wird durch den Tragenden gew\u00e4rmt und durch die Bewegung leicht massiert. An der Innenseite der Unterschenkel befindet sich Akkupressurpunkte, deren Stimulation krampfl\u00f6send ist. Beruhigung durch Schaukeln\/Wiegen Tragen &hellip;<\/p>\n<p class=\"read-more\"> <a class=\"\" href=\"https:\/\/trageperle.de\/?page_id=100\"> <span class=\"screen-reader-text\">Positive Aspekte des Tragens<\/span> Weiterlesen &raquo;<\/a><\/p>\n","protected":false},"author":1,"featured_media":0,"parent":0,"menu_order":0,"comment_status":"closed","ping_status":"closed","template":"","meta":{"site-sidebar-layout":"no-sidebar","site-content-layout":"page-builder","ast-main-header-display":"","ast-hfb-above-header-display":"","ast-hfb-below-header-display":"","ast-hfb-mobile-header-display":"","site-post-title":"disabled","ast-breadcrumbs-content":"","ast-featured-img":"disabled","footer-sml-layout":"","theme-transparent-header-meta":"","adv-header-id-meta":"","stick-header-meta":"","header-above-stick-meta":"","header-main-stick-meta":"","header-below-stick-meta":""},"_links":{"self":[{"href":"https:\/\/trageperle.de\/index.php?rest_route=\/wp\/v2\/pages\/100"}],"collection":[{"href":"https:\/\/trageperle.de\/index.php?rest_route=\/wp\/v2\/pages"}],"about":[{"href":"https:\/\/trageperle.de\/index.php?rest_route=\/wp\/v2\/types\/page"}],"author":[{"embeddable":true,"href":"https:\/\/trageperle.de\/index.php?rest_route=\/wp\/v2\/users\/1"}],"replies":[{"embeddable":true,"href":"https:\/\/trageperle.de\/index.php?rest_route=%2Fwp%2Fv2%2Fcomments&post=100"}],"version-history":[{"count":97,"href":"https:\/\/trageperle.de\/index.php?rest_route=\/wp\/v2\/pages\/100\/revisions"}],"predecessor-version":[{"id":1367,"href":"https:\/\/trageperle.de\/index.php?rest_route=\/wp\/v2\/pages\/100\/revisions\/1367"}],"wp:attachment":[{"href":"https:\/\/trageperle.de\/index.php?rest_route=%2Fwp%2Fv2%2Fmedia&parent=100"}],"curies":[{"name":"wp","href":"https:\/\/api.w.org\/{rel}","templated":true}]}}