{"id":102,"date":"2021-02-21T08:24:18","date_gmt":"2021-02-21T08:24:18","guid":{"rendered":"https:\/\/trageperle.de\/?page_id=102"},"modified":"2021-02-22T13:30:47","modified_gmt":"2021-02-22T13:30:47","slug":"agbs","status":"publish","type":"page","link":"https:\/\/trageperle.de\/?page_id=102","title":{"rendered":"AGBs"},"content":{"rendered":"\t\t<div data-elementor-type=\"wp-page\" data-elementor-id=\"102\" class=\"elementor elementor-102\" data-elementor-settings=\"[]\">\n\t\t\t\t\t\t<div class=\"elementor-inner\">\n\t\t\t\t\t\t\t<div class=\"elementor-section-wrap\">\n\t\t\t\t\t\t\t<section class=\"elementor-section elementor-top-section elementor-element elementor-element-3a5fbf7a elementor-section-height-min-height elementor-section-full_width elementor-section-height-default elementor-section-items-middle\" data-id=\"3a5fbf7a\" data-element_type=\"section\" data-settings=\"{&quot;background_background&quot;:&quot;classic&quot;,&quot;background_motion_fx_motion_fx_scrolling&quot;:&quot;yes&quot;,&quot;background_motion_fx_translateY_effect&quot;:&quot;yes&quot;,&quot;background_motion_fx_translateY_speed&quot;:{&quot;unit&quot;:&quot;px&quot;,&quot;size&quot;:10,&quot;sizes&quot;:[]},&quot;background_motion_fx_translateY_affectedRange&quot;:{&quot;unit&quot;:&quot;%&quot;,&quot;size&quot;:&quot;&quot;,&quot;sizes&quot;:{&quot;start&quot;:0,&quot;end&quot;:100}},&quot;background_motion_fx_devices&quot;:[&quot;desktop&quot;,&quot;tablet&quot;,&quot;mobile&quot;]}\">\n\t\t\t\t\t\t<div class=\"elementor-container elementor-column-gap-no\">\n\t\t\t\t\t\t\t<div class=\"elementor-row\">\n\t\t\t\t\t<div class=\"elementor-column elementor-col-100 elementor-top-column elementor-element elementor-element-3e8a9b6f\" data-id=\"3e8a9b6f\" data-element_type=\"column\">\n\t\t\t<div class=\"elementor-column-wrap elementor-element-populated\">\n\t\t\t\t\t\t\t<div class=\"elementor-widget-wrap\">\n\t\t\t\t\t\t<div class=\"elementor-element elementor-element-70017162 elementor-widget elementor-widget-spacer\" data-id=\"70017162\" data-element_type=\"widget\" data-widget_type=\"spacer.default\">\n\t\t\t\t<div class=\"elementor-widget-container\">\n\t\t\t\t\t<div class=\"elementor-spacer\">\n\t\t\t<div class=\"elementor-spacer-inner\"><\/div>\n\t\t<\/div>\n\t\t\t\t<\/div>\n\t\t\t\t<\/div>\n\t\t\t\t\t\t<\/div>\n\t\t\t\t\t<\/div>\n\t\t<\/div>\n\t\t\t\t\t\t\t\t<\/div>\n\t\t\t\t\t<\/div>\n\t\t<\/section>\n\t\t\t\t<section class=\"elementor-section elementor-top-section elementor-element elementor-element-5580dac elementor-section-boxed elementor-section-height-default elementor-section-height-default\" data-id=\"5580dac\" data-element_type=\"section\" data-settings=\"{&quot;background_background&quot;:&quot;classic&quot;,&quot;sticky&quot;:&quot;top&quot;,&quot;sticky_on&quot;:[&quot;desktop&quot;,&quot;tablet&quot;,&quot;mobile&quot;],&quot;sticky_offset&quot;:0,&quot;sticky_effects_offset&quot;:0}\">\n\t\t\t\t\t\t<div class=\"elementor-container elementor-column-gap-default\">\n\t\t\t\t\t\t\t<div class=\"elementor-row\">\n\t\t\t\t\t<div class=\"elementor-column elementor-col-100 elementor-top-column elementor-element elementor-element-3e6db9fe\" data-id=\"3e6db9fe\" data-element_type=\"column\">\n\t\t\t<div class=\"elementor-column-wrap elementor-element-populated\">\n\t\t\t\t\t\t\t<div class=\"elementor-widget-wrap\">\n\t\t\t\t\t\t<div class=\"elementor-element elementor-element-3027737e elementor-widget__width-initial elementor-widget elementor-widget-theme-site-logo elementor-widget-image\" data-id=\"3027737e\" data-element_type=\"widget\" data-widget_type=\"theme-site-logo.default\">\n\t\t\t\t<div class=\"elementor-widget-container\">\n\t\t\t\t\t\t\t\t<div class=\"elementor-image\">\n\t\t\t\t\t\t\t\t\t\t\t\t\t<a href=\"https:\/\/trageperle.de\">\n\t\t\t\t\t\t\t<img width=\"600\" height=\"290\" src=\"https:\/\/trageperle.de\/wp-content\/uploads\/2021\/02\/paul-logoneu21.png\" class=\"attachment-full size-full\" alt=\"\" loading=\"lazy\" srcset=\"https:\/\/trageperle.de\/wp-content\/uploads\/2021\/02\/paul-logoneu21.png 600w, https:\/\/trageperle.de\/wp-content\/uploads\/2021\/02\/paul-logoneu21-300x145.png 300w\" sizes=\"(max-width: 600px) 100vw, 600px\" \/>\t\t\t\t\t\t\t\t<\/a>\n\t\t\t\t\t\t\t\t\t\t\t\t\t\t<\/div>\n\t\t\t\t\t\t<\/div>\n\t\t\t\t<\/div>\n\t\t\t\t<div class=\"elementor-element elementor-element-6fbb9a57 elementor-nav-menu__align-right elementor-widget__width-initial elementor-nav-menu--dropdown-tablet elementor-nav-menu__text-align-aside elementor-nav-menu--toggle elementor-nav-menu--burger elementor-widget elementor-widget-nav-menu\" data-id=\"6fbb9a57\" data-element_type=\"widget\" data-settings=\"{&quot;layout&quot;:&quot;horizontal&quot;,&quot;submenu_icon&quot;:{&quot;value&quot;:&quot;&lt;i class=\\&quot;fas fa-caret-down\\&quot;&gt;&lt;\\\/i&gt;&quot;,&quot;library&quot;:&quot;fa-solid&quot;},&quot;toggle&quot;:&quot;burger&quot;}\" data-widget_type=\"nav-menu.default\">\n\t\t\t\t<div class=\"elementor-widget-container\">\n\t\t\t\t\t\t<nav migration_allowed=\"1\" migrated=\"0\" role=\"navigation\" class=\"elementor-nav-menu--main elementor-nav-menu__container elementor-nav-menu--layout-horizontal e--pointer-underline e--animation-fade\">\n\t\t\t\t<ul id=\"menu-1-6fbb9a57\" class=\"elementor-nav-menu\"><li class=\"menu-item menu-item-type-post_type menu-item-object-page menu-item-home menu-item-98\"><a href=\"https:\/\/trageperle.de\/\" class=\"elementor-item menu-link\">Home<\/a><\/li>\n<li class=\"menu-item menu-item-type-post_type menu-item-object-page menu-item-99\"><a href=\"https:\/\/trageperle.de\/?page_id=92\" class=\"elementor-item menu-link\">\u00dcber mich<\/a><\/li>\n<li class=\"menu-item menu-item-type-custom menu-item-object-custom menu-item-has-children menu-item-585\"><a class=\"elementor-item menu-link\">Positive Aspekte&#8230;<\/a>\n<ul class=\"sub-menu elementor-nav-menu--dropdown\">\n\t<li class=\"menu-item menu-item-type-post_type menu-item-object-page menu-item-113\"><a href=\"https:\/\/trageperle.de\/?page_id=100\" class=\"elementor-sub-item menu-link\">&#8230;des Tragens<\/a><\/li>\n\t<li class=\"menu-item menu-item-type-post_type menu-item-object-page menu-item-370\"><a href=\"https:\/\/trageperle.de\/?page_id=365\" class=\"elementor-sub-item menu-link\">&#8230;von Stoffwindeln<\/a><\/li>\n\t<li class=\"menu-item menu-item-type-post_type menu-item-object-page menu-item-369\"><a href=\"https:\/\/trageperle.de\/?page_id=367\" class=\"elementor-sub-item menu-link\">&#8230;der Babygeb\u00e4rden<\/a><\/li>\n<\/ul>\n<\/li>\n<li class=\"menu-item menu-item-type-custom menu-item-object-custom menu-item-has-children menu-item-581\"><a class=\"elementor-item menu-link\">Preise<\/a>\n<ul class=\"sub-menu elementor-nav-menu--dropdown\">\n\t<li class=\"menu-item menu-item-type-post_type menu-item-object-page menu-item-582\"><a href=\"https:\/\/trageperle.de\/?page_id=507\" class=\"elementor-sub-item menu-link\">Beratungen<\/a><\/li>\n\t<li class=\"menu-item menu-item-type-post_type menu-item-object-page menu-item-583\"><a href=\"https:\/\/trageperle.de\/?page_id=509\" class=\"elementor-sub-item menu-link\">Leihangebote<\/a><\/li>\n<\/ul>\n<\/li>\n<li class=\"menu-item menu-item-type-post_type menu-item-object-page menu-item-111\"><a href=\"https:\/\/trageperle.de\/?page_id=104\" class=\"elementor-item menu-link\">Kontakt<\/a><\/li>\n<li class=\"menu-item menu-item-type-post_type menu-item-object-page menu-item-753\"><a href=\"https:\/\/trageperle.de\/?page_id=712\" class=\"elementor-item menu-link\">Termine<\/a><\/li>\n<li class=\"menu-item menu-item-type-post_type menu-item-object-page menu-item-112\"><a href=\"https:\/\/trageperle.de\/?page_id=108\" class=\"elementor-item menu-link\">Partner<\/a><\/li>\n<\/ul>\t\t\t<\/nav>\n\t\t\t\t\t<div class=\"elementor-menu-toggle\" role=\"button\" tabindex=\"0\" aria-label=\"Menu Toggle\" aria-expanded=\"false\">\n\t\t\t<i aria-hidden=\"true\" role=\"presentation\" class=\"elementor-menu-toggle__icon--open eicon-menu-bar\"><\/i><i aria-hidden=\"true\" role=\"presentation\" class=\"elementor-menu-toggle__icon--close eicon-close\"><\/i>\t\t\t<span class=\"elementor-screen-only\">Menu<\/span>\n\t\t<\/div>\n\t\t\t<nav class=\"elementor-nav-menu--dropdown elementor-nav-menu__container\" role=\"navigation\" aria-hidden=\"true\">\n\t\t\t\t<ul id=\"menu-2-6fbb9a57\" class=\"elementor-nav-menu\"><li class=\"menu-item menu-item-type-post_type menu-item-object-page menu-item-home menu-item-98\"><a href=\"https:\/\/trageperle.de\/\" class=\"elementor-item menu-link\" tabindex=\"-1\">Home<\/a><\/li>\n<li class=\"menu-item menu-item-type-post_type menu-item-object-page menu-item-99\"><a href=\"https:\/\/trageperle.de\/?page_id=92\" class=\"elementor-item menu-link\" tabindex=\"-1\">\u00dcber mich<\/a><\/li>\n<li class=\"menu-item menu-item-type-custom menu-item-object-custom menu-item-has-children menu-item-585\"><a class=\"elementor-item menu-link\" tabindex=\"-1\">Positive Aspekte&#8230;<\/a>\n<ul class=\"sub-menu elementor-nav-menu--dropdown\">\n\t<li class=\"menu-item menu-item-type-post_type menu-item-object-page menu-item-113\"><a href=\"https:\/\/trageperle.de\/?page_id=100\" class=\"elementor-sub-item menu-link\" tabindex=\"-1\">&#8230;des Tragens<\/a><\/li>\n\t<li class=\"menu-item menu-item-type-post_type menu-item-object-page menu-item-370\"><a href=\"https:\/\/trageperle.de\/?page_id=365\" class=\"elementor-sub-item menu-link\" tabindex=\"-1\">&#8230;von Stoffwindeln<\/a><\/li>\n\t<li class=\"menu-item menu-item-type-post_type menu-item-object-page menu-item-369\"><a href=\"https:\/\/trageperle.de\/?page_id=367\" class=\"elementor-sub-item menu-link\" tabindex=\"-1\">&#8230;der Babygeb\u00e4rden<\/a><\/li>\n<\/ul>\n<\/li>\n<li class=\"menu-item menu-item-type-custom menu-item-object-custom menu-item-has-children menu-item-581\"><a class=\"elementor-item menu-link\" tabindex=\"-1\">Preise<\/a>\n<ul class=\"sub-menu elementor-nav-menu--dropdown\">\n\t<li class=\"menu-item menu-item-type-post_type menu-item-object-page menu-item-582\"><a href=\"https:\/\/trageperle.de\/?page_id=507\" class=\"elementor-sub-item menu-link\" tabindex=\"-1\">Beratungen<\/a><\/li>\n\t<li class=\"menu-item menu-item-type-post_type menu-item-object-page menu-item-583\"><a href=\"https:\/\/trageperle.de\/?page_id=509\" class=\"elementor-sub-item menu-link\" tabindex=\"-1\">Leihangebote<\/a><\/li>\n<\/ul>\n<\/li>\n<li class=\"menu-item menu-item-type-post_type menu-item-object-page menu-item-111\"><a href=\"https:\/\/trageperle.de\/?page_id=104\" class=\"elementor-item menu-link\" tabindex=\"-1\">Kontakt<\/a><\/li>\n<li class=\"menu-item menu-item-type-post_type menu-item-object-page menu-item-753\"><a href=\"https:\/\/trageperle.de\/?page_id=712\" class=\"elementor-item menu-link\" tabindex=\"-1\">Termine<\/a><\/li>\n<li class=\"menu-item menu-item-type-post_type menu-item-object-page menu-item-112\"><a href=\"https:\/\/trageperle.de\/?page_id=108\" class=\"elementor-item menu-link\" tabindex=\"-1\">Partner<\/a><\/li>\n<\/ul>\t\t\t<\/nav>\n\t\t\t\t<\/div>\n\t\t\t\t<\/div>\n\t\t\t\t\t\t<\/div>\n\t\t\t\t\t<\/div>\n\t\t<\/div>\n\t\t\t\t\t\t\t\t<\/div>\n\t\t\t\t\t<\/div>\n\t\t<\/section>\n\t\t\t\t<section class=\"elementor-section elementor-top-section elementor-element elementor-element-fecf6ec elementor-section-boxed elementor-section-height-default elementor-section-height-default\" data-id=\"fecf6ec\" data-element_type=\"section\">\n\t\t\t\t\t\t<div class=\"elementor-container elementor-column-gap-default\">\n\t\t\t\t\t\t\t<div class=\"elementor-row\">\n\t\t\t\t\t<div class=\"elementor-column elementor-col-100 elementor-top-column elementor-element elementor-element-abf8406\" data-id=\"abf8406\" data-element_type=\"column\">\n\t\t\t<div class=\"elementor-column-wrap elementor-element-populated\">\n\t\t\t\t\t\t\t<div class=\"elementor-widget-wrap\">\n\t\t\t\t\t\t<div class=\"elementor-element elementor-element-c142352 elementor-widget elementor-widget-heading\" data-id=\"c142352\" data-element_type=\"widget\" data-widget_type=\"heading.default\">\n\t\t\t\t<div class=\"elementor-widget-container\">\n\t\t\t<h2 class=\"elementor-heading-title elementor-size-default\">AGBs<\/h2>\t\t<\/div>\n\t\t\t\t<\/div>\n\t\t\t\t\t\t<\/div>\n\t\t\t\t\t<\/div>\n\t\t<\/div>\n\t\t\t\t\t\t\t\t<\/div>\n\t\t\t\t\t<\/div>\n\t\t<\/section>\n\t\t\t\t<section class=\"elementor-section elementor-top-section elementor-element elementor-element-368376b elementor-section-boxed elementor-section-height-default elementor-section-height-default\" data-id=\"368376b\" data-element_type=\"section\">\n\t\t\t\t\t\t<div class=\"elementor-container elementor-column-gap-default\">\n\t\t\t\t\t\t\t<div class=\"elementor-row\">\n\t\t\t\t\t<div class=\"elementor-column elementor-col-100 elementor-top-column elementor-element elementor-element-c1c40e6\" data-id=\"c1c40e6\" data-element_type=\"column\">\n\t\t\t<div class=\"elementor-column-wrap elementor-element-populated\">\n\t\t\t\t\t\t\t<div class=\"elementor-widget-wrap\">\n\t\t\t\t\t\t<div class=\"elementor-element elementor-element-002353e elementor-widget elementor-widget-text-editor\" data-id=\"002353e\" data-element_type=\"widget\" data-widget_type=\"text-editor.default\">\n\t\t\t\t<div class=\"elementor-widget-container\">\n\t\t\t\t\t\t\t\t<div class=\"elementor-text-editor elementor-clearfix\">\n\t\t\t\t<p style=\"text-align: center;\"><strong>Allgemeine Gesch\u00e4ftsbedingungen<\/strong><\/p><p style=\"text-align: center;\"><strong>von<\/strong><\/p><p style=\"text-align: center;\"><strong>Trageperle-Familienbegleitung Tanja Perlejewski<\/strong><\/p><p style=\"text-align: center;\"><strong>Trageberatung- Stoffwindelberatung-S\u00e4uglingspflege-Beikost-Babygeb\u00e4rden-Bed\u00fcrfnis- &amp; Bindungsorientiert<\/strong><\/p><p><strong>Grundsatz<\/strong><\/p><p>Mit der Annahme eines Angebots von Trageperle-Familienbegleitung Tanja Perlejewski erkl\u00e4rt sich der Kunde bereit die Allgemeinen Gesch\u00e4ftsbedingungen anzuerkennen. Diese Allgemeinen Gesch\u00e4ftsbedingungen sind in jedem Fall Vertragsbestandteil und gelten als stillschweigend \u00fcbernommen, auch wenn der Vertrag nicht \u00fcber das Internet zustande kommt. Diese AGB sind damit f\u00fcr jede Art des Vertragsabschlusses g\u00fcltig.<\/p><p><strong>Geltungsbereich<\/strong><\/p><p>Diese Allgemeinen Gesch\u00e4ftsbedingungen gelten f\u00fcr alle schriftlichen oder m\u00fcndlichen Vereinbarungen zwischen dem Kunden und Trageperle-Familienbegleitung Tanja Perlejewski als beratender Person<\/p><p><strong>Leistungsumfang bei einer Beratung<\/strong><\/p><p>Gegenstand des Auftrages ist die vereinbarte Art Beratung. F\u00fcr den Erfolg der Beratung bzw. bei der Anwendung des Erlernten wird keine Garantie \u00fcbernommen. Momentan erfolgen Beratungsangebote auch Online<\/p><p><strong>R\u00fccktritt von individuellen Beratungen<\/strong><\/p><p>Eine Trageberatung ist eine Dienstleistung, die mit organisatorischem und finanziellen Aufwand verbunden ist. Wird eine Beratung mehr als 24 Stunden schriftlich vor dem Termin abgesagt, erfolgt keine Berechnung. Bei Absagen weniger als 24 Stunden vor dem Termin wird der Beratungspreis von 1 Stunde in Rechnung gestellt.<\/p><p><strong>R\u00fccktritt von Workshops und Kursen<\/strong><\/p><p>Die Anmeldung zu den Kursen und Workshops ist verbindlich und verpflichtet zur Zahlung des Entgelts. Eine Stornierung kann jedoch in bestimmten F\u00e4llen vorgenommen werden. Sollte an der gebuchten Veranstaltung nicht teilgenommen werden, ist ein R\u00fccktritt m\u00f6glich, wenn<\/p><p>\u00a0 &#8211; der R\u00fccktritt schriftlich mitgeteilt wurde<\/p><p>\u00a0 &#8211; die angegebenen Fristen eingehalten wurden<\/p><p>\u00a0 &#8211; das Stornierungsentgelt bezahlt wurde.<\/p><p>Die H\u00f6he des Stornierungsentgelts ist abh\u00e4ngig vom R\u00fccktrittszeitpunkt:<\/p><p>\u00a0\u00a0&#8211; mehr als 4 Wochen vor Kursbeginn ist eine Stornierungsgeb\u00fchr in H\u00f6he von 10 Euro zu zahlen<\/p><p>\u00a0 &#8211; weniger als 4 Wochen vor Veranstaltungsbeginn: 50 % des Veranstaltungsentgelts<\/p><p>\u00a0 &#8211; bei einem R\u00fccktritt nach Kursbeginn entspricht die H\u00f6he des Stornierungsentgeltes der H\u00f6he der \u00a0\u00a0\u00a0Kursgeb\u00fchr.<\/p><div><strong>Reservierung Termine<\/strong><\/div><div>\u00a0<\/div><div>Das Reservieren von Terminen ist aus organisatorischen Gr\u00fcnden nur f\u00fcr 24h m\u00f6glich.<\/div><div>\u00a0<\/div><p><strong>Schweigepflicht<\/strong><\/p><p>Die Inhalte der Kurse und Beratungen werden nicht an Dritte weitergegeben. Sie unterliegen immer der Schweigepflicht im Sinne des \u00a7 203 StGB.\u00a0<\/p><p><strong>Verantwortungsbereich bei einer Beratung<\/strong><\/p><p>Die Verantwortung von Trageperle-Familienbegleitung Tanja Perlejewski liegt ausschlie\u00dflich in einer fachkundigen, herstellerunabh\u00e4ngigen Beratung.<\/p><p>Es liegt ausdr\u00fccklich in der Verantwortung des Kunden auf gesundheitliche Probleme oder andere Besonderheiten hinzuweisen, welche f\u00fcr die Beratung relevant sind. Au\u00dferdem h\u00e4ngt der Erfolg der Beratung ma\u00dfgeblich von der Motivation des Kunden ab, das vermittelte Wissen entsprechend umzusetzen und anzuwenden.<\/p><p><strong>Kurs- und Beratungsgeb\u00fchr<\/strong><\/p><p>F\u00fcr meine Kurse und Workshops gelten die auf der Website aufgef\u00fchrten oder besprochenen Preise. Die Bezahlung erfolgt innerhalb von 7 Tagen per \u00dcberweisung\/Paypal auf das in der Rechnung angegebene Konto.<\/p><p>Im Anschluss an die individuellen Beratungen wird die Rechnung online \u00fcbermittelt und ist per \u00dcberweisung oder Paypal zu zahlen. Gutscheine werden verrechnet.<\/p><p>Aufgrund des Kleinunternehmerstatus gem. \u00a7 19 UStG erhebe ich keine Umsatzsteuer und weise diese daher auch nicht aus.<\/p><p><strong>Nachholen vers\u00e4umter Kursstunden<\/strong><\/p><p>Handelt es sich um so genannte \u201egeschlossene Kurse\/Gruppen&#8220;, ist es aus organisatorischen und finanziellen Gr\u00fcnden leider nicht m\u00f6glich eine vers\u00e4umte Stunde hinten anzuh\u00e4ngen bzw. nachzuholen.<\/p><p><strong>Leihgaben<\/strong><\/p><p><strong>sind zum vereinbarten Zeitpunkt zur\u00fcckzubringen oder p\u00fcnktlich zu versenden. Hier ist die Sendungsnummer an mich weiterzuleiten. <\/strong><\/p><p><strong>Haftung<\/strong><\/p><p>Trageperle-Familienbegleitung Tanja Perlejewski lehnt jegliche Haftung ab.\u00a0F\u00fcr Verletzungen, Unf\u00e4lle sowie gesundheitliche Sch\u00e4den und\/oder Folgesch\u00e4den w\u00e4hrend und nach der Beratung sowie durch unsachgem\u00e4\u00dfe Benutzung von Tragetuch\/Tragehilfe wird keine Haftung \u00fcbernommen.<\/p><p><strong>Haftungsausschluss<\/strong><\/p><p>Trageperle-Familienbegleitung Tanja Perlejewski hat keinen Einfluss auf die Gestaltung und die Inhalte anderer Internetseiten. Sie distanziert sich daher von allen fremden Inhalten, auch wenn von Links zu diesen externen Seiten gesetzt wurden. Dies gilt f\u00fcr alle auf der Homepage angezeigten Links und f\u00fcr alle Inhalte der Seiten, zu denen die Links f\u00fchren.<\/p><p><strong>\u00c4nderung der Allgemeinen Gesch\u00e4ftsbedingungen<\/strong><\/p><p>Trageperle-Familienbegleitung Tanja Perlejewski kann die Allgemeinen Gesch\u00e4ftsbedingungen jederzeit \u00e4ndern. Der Kunde willigt ein, \u00fcber \u00c4nderungen der Allgemeinen Gesch\u00e4ftsbedingungen nur per Ver\u00f6ffentlichung \u00fcber die Homepage www.trageperle.de informiert zu werden.<\/p><p>Stand: Februar 2021<\/p>\t\t\t\t\t<\/div>\n\t\t\t\t\t\t<\/div>\n\t\t\t\t<\/div>\n\t\t\t\t\t\t<\/div>\n\t\t\t\t\t<\/div>\n\t\t<\/div>\n\t\t\t\t\t\t\t\t<\/div>\n\t\t\t\t\t<\/div>\n\t\t<\/section>\n\t\t\t\t\t\t<\/div>\n\t\t\t\t\t\t<\/div>\n\t\t\t\t\t<\/div>\n\t\t","protected":false},"excerpt":{"rendered":"<p>AGBs Allgemeine Gesch\u00e4ftsbedingungen von Trageperle-Familienbegleitung Tanja Perlejewski Trageberatung- Stoffwindelberatung-S\u00e4uglingspflege-Beikost-Babygeb\u00e4rden-Bed\u00fcrfnis- &amp; Bindungsorientiert Grundsatz Mit der Annahme eines Angebots von Trageperle-Familienbegleitung Tanja Perlejewski erkl\u00e4rt sich der Kunde bereit die Allgemeinen Gesch\u00e4ftsbedingungen anzuerkennen. Diese Allgemeinen Gesch\u00e4ftsbedingungen sind in jedem Fall Vertragsbestandteil und gelten als stillschweigend \u00fcbernommen, auch wenn der Vertrag nicht \u00fcber das Internet zustande kommt. Diese AGB &hellip;<\/p>\n<p class=\"read-more\"> <a class=\"\" href=\"https:\/\/trageperle.de\/?page_id=102\"> <span class=\"screen-reader-text\">AGBs<\/span> Weiterlesen &raquo;<\/a><\/p>\n","protected":false},"author":1,"featured_media":0,"parent":0,"menu_order":0,"comment_status":"closed","ping_status":"closed","template":"","meta":{"site-sidebar-layout":"no-sidebar","site-content-layout":"page-builder","ast-main-header-display":"","ast-hfb-above-header-display":"","ast-hfb-below-header-display":"","ast-hfb-mobile-header-display":"","site-post-title":"disabled","ast-breadcrumbs-content":"","ast-featured-img":"disabled","footer-sml-layout":"","theme-transparent-header-meta":"","adv-header-id-meta":"","stick-header-meta":"","header-above-stick-meta":"","header-main-stick-meta":"","header-below-stick-meta":""},"_links":{"self":[{"href":"https:\/\/trageperle.de\/index.php?rest_route=\/wp\/v2\/pages\/102"}],"collection":[{"href":"https:\/\/trageperle.de\/index.php?rest_route=\/wp\/v2\/pages"}],"about":[{"href":"https:\/\/trageperle.de\/index.php?rest_route=\/wp\/v2\/types\/page"}],"author":[{"embeddable":true,"href":"https:\/\/trageperle.de\/index.php?rest_route=\/wp\/v2\/users\/1"}],"replies":[{"embeddable":true,"href":"https:\/\/trageperle.de\/index.php?rest_route=%2Fwp%2Fv2%2Fcomments&post=102"}],"version-history":[{"count":10,"href":"https:\/\/trageperle.de\/index.php?rest_route=\/wp\/v2\/pages\/102\/revisions"}],"predecessor-version":[{"id":484,"href":"https:\/\/trageperle.de\/index.php?rest_route=\/wp\/v2\/pages\/102\/revisions\/484"}],"wp:attachment":[{"href":"https:\/\/trageperle.de\/index.php?rest_route=%2Fwp%2Fv2%2Fmedia&parent=102"}],"curies":[{"name":"wp","href":"https:\/\/api.w.org\/{rel}","templated":true}]}}