{"id":712,"date":"2021-02-23T21:19:08","date_gmt":"2021-02-23T21:19:08","guid":{"rendered":"https:\/\/trageperle.de\/?page_id=712"},"modified":"2022-02-17T07:20:35","modified_gmt":"2022-02-17T07:20:35","slug":"termine","status":"publish","type":"page","link":"https:\/\/trageperle.de\/?page_id=712","title":{"rendered":"Termine"},"content":{"rendered":"\t\t<div data-elementor-type=\"wp-page\" data-elementor-id=\"712\" class=\"elementor elementor-712\" data-elementor-settings=\"[]\">\n\t\t\t\t\t\t<div class=\"elementor-inner\">\n\t\t\t\t\t\t\t<div class=\"elementor-section-wrap\">\n\t\t\t\t\t\t\t<section class=\"elementor-section elementor-top-section elementor-element elementor-element-c9c48d8 elementor-section-height-min-height elementor-section-full_width elementor-section-height-default elementor-section-items-middle\" data-id=\"c9c48d8\" data-element_type=\"section\" data-settings=\"{&quot;background_background&quot;:&quot;classic&quot;,&quot;background_motion_fx_motion_fx_scrolling&quot;:&quot;yes&quot;,&quot;background_motion_fx_translateY_effect&quot;:&quot;yes&quot;,&quot;background_motion_fx_translateY_speed&quot;:{&quot;unit&quot;:&quot;px&quot;,&quot;size&quot;:10,&quot;sizes&quot;:[]},&quot;background_motion_fx_devices&quot;:[&quot;desktop&quot;],&quot;background_motion_fx_translateY_affectedRange&quot;:{&quot;unit&quot;:&quot;%&quot;,&quot;size&quot;:&quot;&quot;,&quot;sizes&quot;:{&quot;start&quot;:0,&quot;end&quot;:100}}}\">\n\t\t\t\t\t\t<div class=\"elementor-container elementor-column-gap-default\">\n\t\t\t\t\t\t\t<div class=\"elementor-row\">\n\t\t\t\t\t<div class=\"elementor-column elementor-col-100 elementor-top-column elementor-element elementor-element-5dfd600\" data-id=\"5dfd600\" data-element_type=\"column\">\n\t\t\t<div class=\"elementor-column-wrap elementor-element-populated\">\n\t\t\t\t\t\t\t<div class=\"elementor-widget-wrap\">\n\t\t\t\t\t\t<div class=\"elementor-element elementor-element-5c0798d elementor-widget elementor-widget-spacer\" data-id=\"5c0798d\" data-element_type=\"widget\" data-widget_type=\"spacer.default\">\n\t\t\t\t<div class=\"elementor-widget-container\">\n\t\t\t\t\t<div class=\"elementor-spacer\">\n\t\t\t<div class=\"elementor-spacer-inner\"><\/div>\n\t\t<\/div>\n\t\t\t\t<\/div>\n\t\t\t\t<\/div>\n\t\t\t\t\t\t<\/div>\n\t\t\t\t\t<\/div>\n\t\t<\/div>\n\t\t\t\t\t\t\t\t<\/div>\n\t\t\t\t\t<\/div>\n\t\t<\/section>\n\t\t\t\t<section class=\"elementor-section elementor-top-section elementor-element elementor-element-2e0f9122 elementor-section-boxed elementor-section-height-default elementor-section-height-default\" data-id=\"2e0f9122\" data-element_type=\"section\" data-settings=\"{&quot;background_background&quot;:&quot;classic&quot;,&quot;sticky&quot;:&quot;top&quot;,&quot;sticky_on&quot;:[&quot;desktop&quot;,&quot;tablet&quot;,&quot;mobile&quot;],&quot;sticky_offset&quot;:0,&quot;sticky_effects_offset&quot;:0}\">\n\t\t\t\t\t\t<div class=\"elementor-container elementor-column-gap-default\">\n\t\t\t\t\t\t\t<div class=\"elementor-row\">\n\t\t\t\t\t<div class=\"elementor-column elementor-col-100 elementor-top-column elementor-element elementor-element-6c86eec6\" data-id=\"6c86eec6\" data-element_type=\"column\">\n\t\t\t<div class=\"elementor-column-wrap elementor-element-populated\">\n\t\t\t\t\t\t\t<div class=\"elementor-widget-wrap\">\n\t\t\t\t\t\t<div class=\"elementor-element elementor-element-1dcfe648 elementor-widget__width-initial elementor-widget-tablet__width-initial elementor-widget-mobile__width-inherit elementor-widget elementor-widget-theme-site-logo elementor-widget-image\" data-id=\"1dcfe648\" data-element_type=\"widget\" data-widget_type=\"theme-site-logo.default\">\n\t\t\t\t<div class=\"elementor-widget-container\">\n\t\t\t\t\t\t\t\t<div class=\"elementor-image\">\n\t\t\t\t\t\t\t\t\t\t\t\t\t<a href=\"https:\/\/trageperle.de\">\n\t\t\t\t\t\t\t<img width=\"600\" height=\"290\" src=\"https:\/\/trageperle.de\/wp-content\/uploads\/2021\/02\/paul-logoneu21.png\" class=\"attachment-full size-full\" alt=\"\" loading=\"lazy\" srcset=\"https:\/\/trageperle.de\/wp-content\/uploads\/2021\/02\/paul-logoneu21.png 600w, https:\/\/trageperle.de\/wp-content\/uploads\/2021\/02\/paul-logoneu21-300x145.png 300w\" sizes=\"(max-width: 600px) 100vw, 600px\" \/>\t\t\t\t\t\t\t\t<\/a>\n\t\t\t\t\t\t\t\t\t\t\t\t\t\t<\/div>\n\t\t\t\t\t\t<\/div>\n\t\t\t\t<\/div>\n\t\t\t\t<div class=\"elementor-element elementor-element-174a2df3 elementor-nav-menu__align-right elementor-widget__width-initial elementor-widget-mobile__width-inherit elementor-nav-menu--dropdown-tablet elementor-nav-menu__text-align-aside elementor-nav-menu--toggle elementor-nav-menu--burger elementor-widget elementor-widget-nav-menu\" data-id=\"174a2df3\" data-element_type=\"widget\" data-settings=\"{&quot;layout&quot;:&quot;horizontal&quot;,&quot;submenu_icon&quot;:{&quot;value&quot;:&quot;&lt;i class=\\&quot;fas fa-caret-down\\&quot;&gt;&lt;\\\/i&gt;&quot;,&quot;library&quot;:&quot;fa-solid&quot;},&quot;toggle&quot;:&quot;burger&quot;}\" data-widget_type=\"nav-menu.default\">\n\t\t\t\t<div class=\"elementor-widget-container\">\n\t\t\t\t\t\t<nav migration_allowed=\"1\" migrated=\"0\" role=\"navigation\" class=\"elementor-nav-menu--main elementor-nav-menu__container elementor-nav-menu--layout-horizontal e--pointer-underline e--animation-fade\">\n\t\t\t\t<ul id=\"menu-1-174a2df3\" class=\"elementor-nav-menu\"><li class=\"menu-item menu-item-type-post_type menu-item-object-page menu-item-home menu-item-98\"><a href=\"https:\/\/trageperle.de\/\" class=\"elementor-item menu-link\">Home<\/a><\/li>\n<li class=\"menu-item menu-item-type-post_type menu-item-object-page menu-item-99\"><a href=\"https:\/\/trageperle.de\/?page_id=92\" class=\"elementor-item menu-link\">\u00dcber mich<\/a><\/li>\n<li class=\"menu-item menu-item-type-custom menu-item-object-custom menu-item-has-children menu-item-585\"><a class=\"elementor-item menu-link\">Positive Aspekte&#8230;<\/a>\n<ul class=\"sub-menu elementor-nav-menu--dropdown\">\n\t<li class=\"menu-item menu-item-type-post_type menu-item-object-page menu-item-113\"><a href=\"https:\/\/trageperle.de\/?page_id=100\" class=\"elementor-sub-item menu-link\">&#8230;des Tragens<\/a><\/li>\n\t<li class=\"menu-item menu-item-type-post_type menu-item-object-page menu-item-370\"><a href=\"https:\/\/trageperle.de\/?page_id=365\" class=\"elementor-sub-item menu-link\">&#8230;von Stoffwindeln<\/a><\/li>\n\t<li class=\"menu-item menu-item-type-post_type menu-item-object-page menu-item-369\"><a href=\"https:\/\/trageperle.de\/?page_id=367\" class=\"elementor-sub-item menu-link\">&#8230;der Babygeb\u00e4rden<\/a><\/li>\n<\/ul>\n<\/li>\n<li class=\"menu-item menu-item-type-custom menu-item-object-custom menu-item-has-children menu-item-581\"><a class=\"elementor-item menu-link\">Preise<\/a>\n<ul class=\"sub-menu elementor-nav-menu--dropdown\">\n\t<li class=\"menu-item menu-item-type-post_type menu-item-object-page menu-item-582\"><a href=\"https:\/\/trageperle.de\/?page_id=507\" class=\"elementor-sub-item menu-link\">Beratungen<\/a><\/li>\n\t<li class=\"menu-item menu-item-type-post_type menu-item-object-page menu-item-583\"><a href=\"https:\/\/trageperle.de\/?page_id=509\" class=\"elementor-sub-item menu-link\">Leihangebote<\/a><\/li>\n<\/ul>\n<\/li>\n<li class=\"menu-item menu-item-type-post_type menu-item-object-page menu-item-111\"><a href=\"https:\/\/trageperle.de\/?page_id=104\" class=\"elementor-item menu-link\">Kontakt<\/a><\/li>\n<li class=\"menu-item menu-item-type-post_type menu-item-object-page menu-item-753\"><a href=\"https:\/\/trageperle.de\/?page_id=712\" class=\"elementor-item menu-link\">Termine<\/a><\/li>\n<li class=\"menu-item menu-item-type-post_type menu-item-object-page menu-item-112\"><a href=\"https:\/\/trageperle.de\/?page_id=108\" class=\"elementor-item menu-link\">Partner<\/a><\/li>\n<\/ul>\t\t\t<\/nav>\n\t\t\t\t\t<div class=\"elementor-menu-toggle\" role=\"button\" tabindex=\"0\" aria-label=\"Menu Toggle\" aria-expanded=\"false\">\n\t\t\t<i aria-hidden=\"true\" role=\"presentation\" class=\"elementor-menu-toggle__icon--open eicon-menu-bar\"><\/i><i aria-hidden=\"true\" role=\"presentation\" class=\"elementor-menu-toggle__icon--close eicon-close\"><\/i>\t\t\t<span class=\"elementor-screen-only\">Menu<\/span>\n\t\t<\/div>\n\t\t\t<nav class=\"elementor-nav-menu--dropdown elementor-nav-menu__container\" role=\"navigation\" aria-hidden=\"true\">\n\t\t\t\t<ul id=\"menu-2-174a2df3\" class=\"elementor-nav-menu\"><li class=\"menu-item menu-item-type-post_type menu-item-object-page menu-item-home menu-item-98\"><a href=\"https:\/\/trageperle.de\/\" class=\"elementor-item menu-link\" tabindex=\"-1\">Home<\/a><\/li>\n<li class=\"menu-item menu-item-type-post_type menu-item-object-page menu-item-99\"><a href=\"https:\/\/trageperle.de\/?page_id=92\" class=\"elementor-item menu-link\" tabindex=\"-1\">\u00dcber mich<\/a><\/li>\n<li class=\"menu-item menu-item-type-custom menu-item-object-custom menu-item-has-children menu-item-585\"><a class=\"elementor-item menu-link\" tabindex=\"-1\">Positive Aspekte&#8230;<\/a>\n<ul class=\"sub-menu elementor-nav-menu--dropdown\">\n\t<li class=\"menu-item menu-item-type-post_type menu-item-object-page menu-item-113\"><a href=\"https:\/\/trageperle.de\/?page_id=100\" class=\"elementor-sub-item menu-link\" tabindex=\"-1\">&#8230;des Tragens<\/a><\/li>\n\t<li class=\"menu-item menu-item-type-post_type menu-item-object-page menu-item-370\"><a href=\"https:\/\/trageperle.de\/?page_id=365\" class=\"elementor-sub-item menu-link\" tabindex=\"-1\">&#8230;von Stoffwindeln<\/a><\/li>\n\t<li class=\"menu-item menu-item-type-post_type menu-item-object-page menu-item-369\"><a href=\"https:\/\/trageperle.de\/?page_id=367\" class=\"elementor-sub-item menu-link\" tabindex=\"-1\">&#8230;der Babygeb\u00e4rden<\/a><\/li>\n<\/ul>\n<\/li>\n<li class=\"menu-item menu-item-type-custom menu-item-object-custom menu-item-has-children menu-item-581\"><a class=\"elementor-item menu-link\" tabindex=\"-1\">Preise<\/a>\n<ul class=\"sub-menu elementor-nav-menu--dropdown\">\n\t<li class=\"menu-item menu-item-type-post_type menu-item-object-page menu-item-582\"><a href=\"https:\/\/trageperle.de\/?page_id=507\" class=\"elementor-sub-item menu-link\" tabindex=\"-1\">Beratungen<\/a><\/li>\n\t<li class=\"menu-item menu-item-type-post_type menu-item-object-page menu-item-583\"><a href=\"https:\/\/trageperle.de\/?page_id=509\" class=\"elementor-sub-item menu-link\" tabindex=\"-1\">Leihangebote<\/a><\/li>\n<\/ul>\n<\/li>\n<li class=\"menu-item menu-item-type-post_type menu-item-object-page menu-item-111\"><a href=\"https:\/\/trageperle.de\/?page_id=104\" class=\"elementor-item menu-link\" tabindex=\"-1\">Kontakt<\/a><\/li>\n<li class=\"menu-item menu-item-type-post_type menu-item-object-page menu-item-753\"><a href=\"https:\/\/trageperle.de\/?page_id=712\" class=\"elementor-item menu-link\" tabindex=\"-1\">Termine<\/a><\/li>\n<li class=\"menu-item menu-item-type-post_type menu-item-object-page menu-item-112\"><a href=\"https:\/\/trageperle.de\/?page_id=108\" class=\"elementor-item menu-link\" tabindex=\"-1\">Partner<\/a><\/li>\n<\/ul>\t\t\t<\/nav>\n\t\t\t\t<\/div>\n\t\t\t\t<\/div>\n\t\t\t\t\t\t<\/div>\n\t\t\t\t\t<\/div>\n\t\t<\/div>\n\t\t\t\t\t\t\t\t<\/div>\n\t\t\t\t\t<\/div>\n\t\t<\/section>\n\t\t\t\t<section class=\"elementor-section elementor-top-section elementor-element elementor-element-3bdc46c elementor-section-boxed elementor-section-height-default elementor-section-height-default\" data-id=\"3bdc46c\" data-element_type=\"section\">\n\t\t\t\t\t\t<div class=\"elementor-container elementor-column-gap-default\">\n\t\t\t\t\t\t\t<div class=\"elementor-row\">\n\t\t\t\t\t<div class=\"elementor-column elementor-col-100 elementor-top-column elementor-element elementor-element-5d8a87a\" data-id=\"5d8a87a\" data-element_type=\"column\">\n\t\t\t<div class=\"elementor-column-wrap elementor-element-populated\">\n\t\t\t\t\t\t\t<div class=\"elementor-widget-wrap\">\n\t\t\t\t\t\t<div class=\"elementor-element elementor-element-6ac4cb3 elementor-widget elementor-widget-event-listing\" data-id=\"6ac4cb3\" data-element_type=\"widget\" data-widget_type=\"event-listing.default\">\n\t\t\t\t<div class=\"elementor-widget-container\">\n\t\t\t<div class=\"event_listings\" data-location=\"\" data-keywords=\"\" data-show_filters=\"true\" data-show_pagination=\"false\" data-per_page=\"10\" data-orderby=\"event_start_date\" data-order=\"DESC\" data-datetimes=\"\" data-categories=\"\" data-event_types=\"\" data-ticket_prices=\"\" data-event_online=\"\" data-featured=\"false\" data-cancelled=\"false\" >\n<form class=\"wpem-main wpem-form-wrapper wpem-event-filter-wrapper event_filters\" id=\"event_filters\">\n\t\t<div class=\"search_events search-form-container\">\n\t\t\t <div class=\"wpem-row\">\n\t\t\t<!-- Search by keywords section start -->\n\t\t\t<div class=\"wpem-col\">\n\t\t\t\t<!-- shows default keywords text field  start-->\n\t\t\t\t<div class=\"wpem-form-group\">\n\t\t\t\t<label for=\"search_keywords\" class=\"wpem-form-label\">Schl\u00fcsselw\u00f6rter<\/label>\n\t\t\t\t<input type=\"text\" name=\"search_keywords\" id=\"search_keywords\" placeholder=\"Schl\u00fcsselw\u00f6rter\" value=\"\" \/> \n\t\t\t\t<\/div>\n\t\t\t\t<!-- shows default keywords text field end -->\n\t\t\t<\/div>\n\t\t\t<!-- Search by keywords section end-->\n\n\t\t\t<!-- Search by location section start -->\n\t\t\t<div class=\"wpem-col\">\n\t\t\t<div class=\"wpem-form-group wpem-location-container\">\n\t\t\t\t<label for=\"search_location\" class=\"wpem-form-label\">Ort<\/label>\n\t\t\t\t<input type=\"text\" name=\"search_location\" id=\"search_location\"  placeholder=\"Ort\" value=\"\" \/>\n\t\t\t<\/div>\n\t\t\t<\/div>\n\n\t\t\t<!-- Search by location section end -->\n\n\t\t\t\n\n\t\t\t<!-- Search by date section start -->\n\t\t\t\t\n\n\t\t\t\t\n\t\t\t\t<div class=\"wpem-col\">\n\t\t\t\t\t<div class=\"wpem-form-group\">\n\t\t\t\t\t\t<label for=\"search_datetimes\" class=\"wpem-form-label\">Beliebiges Datum<\/label>\n\t\t\t\t\t\t<input type=\"text\" name=\"search_datetimes[]\" id=\"search_datetimes\" value='' class=\"event-manager-category-dropdown date_range_picker\" >\n\t\t\t\t\t\t<\/div>\n\t\t\t\t<\/div>\n\t\t\t\t  \t\t\t\n\t\t\t<!-- Search by date section end -->\n\n\n\t         <\/div> <!-- \/row -->\n\t\t<div class=\"wpem-row\">\n\t\t\t<!-- Search by event categories section start -->\n\t\t\t\t\t\t\t<div class=\"wpem-col\">\n\t\t\t\t\t<div class=\"wpem-form-group\">\n\t\t\t\t\t<label for=\"search_categories\" class=\"wpem-form-label\">Kategorie<\/label>\n\t\t\t\t\t\t\t\t\t\t\t<select name='search_categories[]' id='search_categories' class='event-manager-category-dropdown '  data-placeholder='Choose a Category' data-no_results_text='Keine Ergebnisse gefunden' data-multiple_text='W\u00e4hle mehrere Optionen'>\n<option value=\"\">Choose a Category<\/option>\t<option class=\"level-0\" value=\"business-professional\">Business &amp; Professional<\/option>\n\t<option class=\"level-0\" value=\"charity-causes\">Charity &amp; Causes<\/option>\n\t<option class=\"level-0\" value=\"community-culture\">Community &amp; Culture<\/option>\n\t<option class=\"level-0\" value=\"family-education\">Family &amp; Education<\/option>\n\t<option class=\"level-0\" value=\"fashion-beauty\">Fashion &amp; Beauty<\/option>\n\t<option class=\"level-0\" value=\"film-media-entertainment\">Film, Media &amp; Entertainment<\/option>\n\t<option class=\"level-0\" value=\"food-drink\">Food &amp; Drink<\/option>\n\t<option class=\"level-0\" value=\"game-or-competition\">Game or Competition<\/option>\n\t<option class=\"level-0\" value=\"other\">Other<\/option>\n\t<option class=\"level-0\" value=\"performing-visual-arts\">Performing &amp; Visual Arts<\/option>\n\t<option class=\"level-0\" value=\"science-technology\">Science &amp; Technology<\/option>\n\t<option class=\"level-0\" value=\"sports-fitness\">Sports &amp; Fitness<\/option>\n<\/select>\n\t\t\t\t\t\t\t\t\t\t<\/div>\n\t\t\t\t<\/div>\n\t\t\t\t \n\t\t\t<!-- Search by event categories section end -->\n\n\t\t\t<!-- Search by event type section start -->\n\t\t\t\t\t\n\t\t\t\t<div class=\"wpem-col\">\n\t\t\t\t\t<div class=\"wpem-form-group\">\n\t\t\t\t\t<label for=\"search_event_types\" class=\"wpem-form-label\">Veranstaltungsart<\/label>\n\t\t\t\t\t\t\t\t\t\t\t<select name='search_event_types[]' id='search_event_types' class='event-manager-category-dropdown '  data-placeholder='Choose an event type' data-no_results_text='Keine Ergebnisse gefunden' data-multiple_text='W\u00e4hle mehrere Optionen'>\n<option value=\"\">Choose an Event Type<\/option>\t<option class=\"level-0\" value=\"appearance-or-signing\">Appearance or Signing<\/option>\n\t<option class=\"level-0\" value=\"attraction\">Attraction<\/option>\n\t<option class=\"level-0\" value=\"camp-trip-or-retreat\">Camp, Trip, or Retreat<\/option>\n\t<option class=\"level-0\" value=\"class-training-or-workshop\">Class, Training, or Workshop<\/option>\n\t<option class=\"level-0\" value=\"concert-or-performance\">Concert or Performance<\/option>\n\t<option class=\"level-0\" value=\"conference\">Conference<\/option>\n\t<option class=\"level-0\" value=\"convention\">Convention<\/option>\n\t<option class=\"level-0\" value=\"dinner-or-gala\">Dinner or Gala<\/option>\n\t<option class=\"level-0\" value=\"festival-or-fair\">Festival or Fair<\/option>\n\t<option class=\"level-0\" value=\"game-or-competition\">Game or Competition<\/option>\n\t<option class=\"level-0\" value=\"meeting-or-networking-event\">Meeting or Networking Event<\/option>\n\t<option class=\"level-0\" value=\"other\">Other<\/option>\n\t<option class=\"level-0\" value=\"party-or-social-gathering\">Party or Social Gathering<\/option>\n\t<option class=\"level-0\" value=\"race-or-endurance-event\">Race or Endurance Event<\/option>\n\t<option class=\"level-0\" value=\"rally\">Rally<\/option>\n\t<option class=\"level-0\" value=\"screening\">Screening<\/option>\n\t<option class=\"level-0\" value=\"seminar-or-talk\">Seminar or Talk<\/option>\n\t<option class=\"level-0\" value=\"tour\">Tour<\/option>\n\t<option class=\"level-0\" value=\"tournament\">Tournament<\/option>\n\t<option class=\"level-0\" value=\"tradeshow-consumer-show-or-expo\">Tradeshow, Consumer Show or Expo<\/option>\n<\/select>\n\t\t\t\t\t\t\t\t\t\t<\/div>\n\t\t\t\t<\/div>\n\t\t\t\t\t        \n\t\t\t<!-- Search by event type section end -->\n\n\t\t\t<!-- Search by any ticket price section start -->\t\t\t\n\t\t\t\t  \n\t\t\t<!-- Search by any ticket price section end -->  \n\n\t\t\t\n    <\/div> <!-- \/row -->\n\n    \t\n\n  <\/div>\n  <div class=\"showing_applied_filters\"><\/div><\/form>\n<noscript>Dein Browser unterst\u00fctzt kein JavaScript oder es wurde deaktiviert. JavaScript muss aktiviert sein, um Eintr\u00e4ge anzeigen zu k\u00f6nnen.<\/noscript>\n<div class=\"wpem-main wpem-event-listings-header\">\r\n    <div class=\"wpem-row\">\r\n        <div class=\"wpem-col wpem-col-12 wpem-col-sm-6 wpem-col-md-6 wpem-col-lg-8\">\r\n            <div class=\"wpem-event-listing-header-title\">\r\n                <h2 class=\"wpem-heading-text\">Veranstaltungen<\/h2> <\/div>\r\n        <\/div>\r\n        <div class=\"wpem-col wpem-col-12 wpem-col-sm-6 wpem-col-md-6 wpem-col-lg-4\">\r\n            <div class=\"wpem-event-layout-action-wrapper\">\r\n                <div class=\"wpem-event-layout-action\">\r\n                      \r\n                    <div class=\"wpem-event-layout-icon wpem-event-box-layout\" title=\"Events Box View\" id=\"wpem-event-box-layout\"><i class=\"wpem-icon-stop2\"><\/i><\/div>\r\n                    <div class=\"wpem-event-layout-icon wpem-event-list-layout wpem-active-layout\" title=\"Events List View\" id=\"wpem-event-list-layout\"><i class=\"wpem-icon-menu\"><\/i><\/div>\r\n                                    <\/div>\r\n            <\/div>\r\n        <\/div>\r\n    <\/div>\r\n<\/div>\r\n<!-- Event listing view -->\r\n<div id=\"event-listing-view\" class=\"wpem-main wpem-event-listings event_listings wpem-event-listing-list-view\">\r\n<\/div>\n<a class=\"load_more_events\" id=\"load_more_events\" href=\"#\" style=\"display:none;\"><strong>Mehr Veranstaltungen laden<\/strong><\/a><\/div>\t\t<\/div>\n\t\t\t\t<\/div>\n\t\t\t\t\t\t<\/div>\n\t\t\t\t\t<\/div>\n\t\t<\/div>\n\t\t\t\t\t\t\t\t<\/div>\n\t\t\t\t\t<\/div>\n\t\t<\/section>\n\t\t\t\t<section class=\"elementor-section elementor-top-section elementor-element elementor-element-488028f elementor-section-boxed elementor-section-height-default elementor-section-height-default\" data-id=\"488028f\" data-element_type=\"section\">\n\t\t\t\t\t\t<div class=\"elementor-container elementor-column-gap-default\">\n\t\t\t\t\t\t\t<div class=\"elementor-row\">\n\t\t\t\t\t<div class=\"elementor-column elementor-col-100 elementor-top-column elementor-element elementor-element-1c5e512\" data-id=\"1c5e512\" data-element_type=\"column\">\n\t\t\t<div class=\"elementor-column-wrap\">\n\t\t\t\t\t\t\t<div class=\"elementor-widget-wrap\">\n\t\t\t\t\t\t\t\t<\/div>\n\t\t\t\t\t<\/div>\n\t\t<\/div>\n\t\t\t\t\t\t\t\t<\/div>\n\t\t\t\t\t<\/div>\n\t\t<\/section>\n\t\t\t\t<section class=\"elementor-section elementor-top-section elementor-element elementor-element-0829df2 elementor-section-boxed elementor-section-height-default elementor-section-height-default\" data-id=\"0829df2\" data-element_type=\"section\">\n\t\t\t\t\t\t<div class=\"elementor-container elementor-column-gap-default\">\n\t\t\t\t\t\t\t<div class=\"elementor-row\">\n\t\t\t\t\t<div class=\"elementor-column elementor-col-100 elementor-top-column elementor-element elementor-element-1f493c6\" data-id=\"1f493c6\" data-element_type=\"column\">\n\t\t\t<div class=\"elementor-column-wrap elementor-element-populated\">\n\t\t\t\t\t\t\t<div class=\"elementor-widget-wrap\">\n\t\t\t\t\t\t<div class=\"elementor-element elementor-element-5bf2289 elementor-widget elementor-widget-facebook-page\" data-id=\"5bf2289\" data-element_type=\"widget\" data-widget_type=\"facebook-page.default\">\n\t\t\t\t<div class=\"elementor-widget-container\">\n\t\t\t<div class=\"elementor-facebook-widget fb-page\" data-href=\"https:\/\/www.facebook.com\/trageperle\" data-tabs=\"events\" data-height=\"500px\" data-width=\"500px\" data-small-header=\"false\" data-hide-cover=\"false\" data-show-facepile=\"true\" data-hide-cta=\"false\" style=\"min-height: 1px;height:500px\"><\/div>\t\t<\/div>\n\t\t\t\t<\/div>\n\t\t\t\t\t\t<\/div>\n\t\t\t\t\t<\/div>\n\t\t<\/div>\n\t\t\t\t\t\t\t\t<\/div>\n\t\t\t\t\t<\/div>\n\t\t<\/section>\n\t\t\t\t\t\t<\/div>\n\t\t\t\t\t\t<\/div>\n\t\t\t\t\t<\/div>\n\t\t","protected":false},"excerpt":{"rendered":"<p>Schl\u00fcsselw\u00f6rter Ort Beliebiges Datum Kategorie Choose a CategoryBusiness &amp; ProfessionalCharity &amp; CausesCommunity &amp; CultureFamily &amp; EducationFashion &amp; BeautyFilm, Media &amp; EntertainmentFood &amp; DrinkGame or CompetitionOtherPerforming &amp; Visual ArtsScience &amp; TechnologySports &amp; Fitness Veranstaltungsart Choose an Event TypeAppearance or SigningAttractionCamp, Trip, or RetreatClass, Training, or WorkshopConcert or PerformanceConferenceConventionDinner or GalaFestival or FairGame or CompetitionMeeting or Networking &hellip;<\/p>\n<p class=\"read-more\"> <a class=\"\" href=\"https:\/\/trageperle.de\/?page_id=712\"> <span class=\"screen-reader-text\">Termine<\/span> Weiterlesen &raquo;<\/a><\/p>\n","protected":false},"author":1,"featured_media":0,"parent":0,"menu_order":0,"comment_status":"closed","ping_status":"closed","template":"","meta":{"site-sidebar-layout":"no-sidebar","site-content-layout":"page-builder","ast-main-header-display":"","ast-hfb-above-header-display":"","ast-hfb-below-header-display":"","ast-hfb-mobile-header-display":"","site-post-title":"disabled","ast-breadcrumbs-content":"","ast-featured-img":"disabled","footer-sml-layout":"","theme-transparent-header-meta":"default","adv-header-id-meta":"","stick-header-meta":"","header-above-stick-meta":"","header-main-stick-meta":"","header-below-stick-meta":""},"_links":{"self":[{"href":"https:\/\/trageperle.de\/index.php?rest_route=\/wp\/v2\/pages\/712"}],"collection":[{"href":"https:\/\/trageperle.de\/index.php?rest_route=\/wp\/v2\/pages"}],"about":[{"href":"https:\/\/trageperle.de\/index.php?rest_route=\/wp\/v2\/types\/page"}],"author":[{"embeddable":true,"href":"https:\/\/trageperle.de\/index.php?rest_route=\/wp\/v2\/users\/1"}],"replies":[{"embeddable":true,"href":"https:\/\/trageperle.de\/index.php?rest_route=%2Fwp%2Fv2%2Fcomments&post=712"}],"version-history":[{"count":88,"href":"https:\/\/trageperle.de\/index.php?rest_route=\/wp\/v2\/pages\/712\/revisions"}],"predecessor-version":[{"id":1353,"href":"https:\/\/trageperle.de\/index.php?rest_route=\/wp\/v2\/pages\/712\/revisions\/1353"}],"wp:attachment":[{"href":"https:\/\/trageperle.de\/index.php?rest_route=%2Fwp%2Fv2%2Fmedia&parent=712"}],"curies":[{"name":"wp","href":"https:\/\/api.w.org\/{rel}","templated":true}]}}